{"id":8336,"date":"2025-03-04T15:15:39","date_gmt":"2025-03-04T14:15:39","guid":{"rendered":"https:\/\/healsfit.com\/?page_id=8336"},"modified":"2025-03-20T12:31:54","modified_gmt":"2025-03-20T11:31:54","slug":"preparation-physique-perte-de-poids","status":"publish","type":"page","link":"https:\/\/healsfit.com\/en\/preparation-physique-perte-de-poids\/","title":{"rendered":"Physical preparation \/ weight loss:"},"content":{"rendered":"<div data-elementor-type=\"wp-page\" data-elementor-id=\"8336\" class=\"elementor elementor-8336\">\n\t\t\t\t<div class=\"elementor-element elementor-element-22dac80c e-flex e-con-boxed e-con e-parent\" data-id=\"22dac80c\" data-element_type=\"container\" data-e-type=\"container\">\n\t\t\t\t\t<div class=\"e-con-inner\">\n\t\t\t\t<div class=\"elementor-element elementor-element-226f3d8b elementor-widget__width-inherit elementor-widget elementor-widget-hub_fancy_heading\" data-id=\"226f3d8b\" data-element_type=\"widget\" data-e-type=\"widget\" data-widget_type=\"hub_fancy_heading.default\">\n\t\t\t\t<div class=\"elementor-widget-container\">\n\t\t\t\t\t\n\t\t<div id=\"ld-fancy-heading-69e24521b5c9f\" class=\"ld-fancy-heading pos-rel\">\n\t\t\t<h3 class=\"ld-fh-element d-inline-block pos-rel  elementor-heading-title lqd-highlight-classic lqd-highlight-grow-left h3\"  > Physical preparation &amp; weight loss<\/h3>\t\t<\/div>\n\n\t\t\t\t\t\t<\/div>\n\t\t\t\t<\/div>\n\t\t\t\t\t<\/div>\n\t\t\t\t<\/div>\n\t\t<div class=\"elementor-element elementor-element-c43579c e-flex e-con-boxed e-con e-parent\" data-id=\"c43579c\" data-element_type=\"container\" data-e-type=\"container\">\n\t\t\t\t\t<div class=\"e-con-inner\">\n\t\t\t\t<div class=\"elementor-element elementor-element-013d2f4 elementor-widget elementor-widget-spacer\" data-id=\"013d2f4\" data-element_type=\"widget\" data-e-type=\"widget\" data-widget_type=\"spacer.default\">\n\t\t\t\t<div class=\"elementor-widget-container\">\n\t\t\t\t\t\t\t<div class=\"elementor-spacer\">\n\t\t\t<div class=\"elementor-spacer-inner\"><\/div>\n\t\t<\/div>\n\t\t\t\t\t\t<\/div>\n\t\t\t\t<\/div>\n\t\t\t\t\t<\/div>\n\t\t\t\t<\/div>\n\t\t<div class=\"elementor-element elementor-element-5aeb079d e-flex e-con-boxed e-con e-parent\" data-id=\"5aeb079d\" data-element_type=\"container\" data-e-type=\"container\">\n\t\t\t\t\t<div class=\"e-con-inner\">\n\t\t<div class=\"elementor-element elementor-element-1b978734 e-con-full e-flex e-con e-child\" data-id=\"1b978734\" data-element_type=\"container\" data-e-type=\"container\" data-settings=\"{&quot;animation&quot;:&quot;none&quot;}\">\n\t\t\t\t<div class=\"elementor-element elementor-element-d2ef6d1 elementor-widget elementor-widget-ld_fancy_image\" data-id=\"d2ef6d1\" data-element_type=\"widget\" data-e-type=\"widget\" data-widget_type=\"ld_fancy_image.default\">\n\t\t\t\t<div class=\"elementor-widget-container\">\n\t\t\t\t\t\n\t\t<div class=\"lqd-imggrp-single d-block pos-rel\">\n\t\t\t<div class=\"lqd-imggrp-img-container d-inline-flex pos-rel align-items-center justify-content-center\">\n\t\t\t\t\t\t\t\t<figure class=\"w-100 pos-rel\">\n\t\t\t\t\t<img fetchpriority=\"high\" decoding=\"async\" width=\"818\" height=\"1024\" src=\"https:\/\/healsfit.com\/wp-content\/uploads\/2025\/03\/f7727ce0-3aba-47c1-a67e-c252a98980e7.jpg\" class=\"attachment-full size-full wp-image-8761\" alt=\"\" srcset=\"https:\/\/healsfit.com\/wp-content\/uploads\/2025\/03\/f7727ce0-3aba-47c1-a67e-c252a98980e7.jpg 818w, https:\/\/healsfit.com\/wp-content\/uploads\/2025\/03\/f7727ce0-3aba-47c1-a67e-c252a98980e7-240x300.jpg 240w, https:\/\/healsfit.com\/wp-content\/uploads\/2025\/03\/f7727ce0-3aba-47c1-a67e-c252a98980e7-10x12.jpg 10w\" sizes=\"(max-width: 818px) 100vw, 818px\" itemprop=\"image\" \/>\t\t\t\t\t\t\t\t\t\t\t\t\t\t\t\t\t\t\t\t\t\t\t\t\t\t\t\t\t<\/figure>\n\t\t\t<\/div>\n\t\t<\/div>\n\n\t\t\t\t\t<\/div>\n\t\t\t\t<\/div>\n\t\t\t\t<\/div>\n\t\t<div class=\"elementor-element elementor-element-a70917a e-flex e-con-boxed e-con e-child\" data-id=\"a70917a\" data-element_type=\"container\" data-e-type=\"container\" data-settings=\"{&quot;background_background&quot;:&quot;classic&quot;,&quot;animation&quot;:&quot;none&quot;}\">\n\t\t\t\t\t<div class=\"e-con-inner\">\n\t\t\t\t<div class=\"elementor-element elementor-element-54b5c6ba elementor-align-left elementor-widget elementor-widget-ld_icon_box\" data-id=\"54b5c6ba\" data-element_type=\"widget\" data-e-type=\"widget\" data-widget_type=\"ld_icon_box.default\">\n\t\t\t\t<div class=\"elementor-widget-container\">\n\t\t\t\t\t\n\t\t\t<div id=\"ld_icon_box_54b5c6ba\" class=\"iconbox d-flex flex-grow-1 pos-rel flex-wrap align-items-center iconbox-inline iconbox-icon-shaped iconbox-circle iconbox-icon-ripple\"   >\n\n\t\t\t\t\n\t\t\t\t<div class=\"iconbox-icon-wrap\"><div class=\"iconbox-icon-container d-inline-flex pos-rel z-index-1 border-radius-circle\"><svg aria-hidden=\"true\" class=\"e-font-icon-svg e-far-arrow-alt-circle-right\" viewbox=\"0 0 512 512\" xmlns=\"http:\/\/www.w3.org\/2000\/svg\"><path d=\"M504 256C504 119 393 8 256 8S8 119 8 256s111 248 248 248 248-111 248-248zm-448 0c0-110.5 89.5-200 200-200s200 89.5 200 200-89.5 200-200 200S56 366.5 56 256zm72 20v-40c0-6.6 5.4-12 12-12h116v-67c0-10.7 12.9-16 20.5-8.5l99 99c4.7 4.7 4.7 12.3 0 17l-99 99c-7.6 7.6-20.5 2.2-20.5-8.5v-67H140c-6.6 0-12-5.4-12-12z\"><\/path><\/svg><\/div><\/div>\n\t\t\t\t<h3 class=\"lqd-iconbox-heading\" >Physical preparation  <\/h3>\n\t\t\t\t<div class=\"contents\">\n\t\t\t\t\n\t\t\t\t\t\t\t\t<p>Sports preparation is essential to prevent injuries, and be at maximum performance. Thanks\nto its multidisciplinary team, healsfit medical centre makes physical preparation and\noptimisation of physical qualities its specialty.<br><br>\nAll athletes know it, good preparation is essential to prevent injuries, and be at maximum\nperformance. Also, in the event of an injury, it is important to benefit from complete\nprofessional support, to recover well, avoid recidivism, and resume your activity in the best\nconditions.<br><br> Finally, at a professional level, sporting performance is a key element, which must be\naccurately evaluated, and methodically improved to leave nothing to chance. <br>In all these aspects, Healsfit medical centre is the ideal partner! Support is offered for weight\nloss thanks to our professionals.<br><br>\nTests are carried out to know the physical level of the athlete and to optimise his\npreparation. Each preparation is individualised and this is aimed at professional and amateur\nathletes.<\/p>\n\t\t\t\t\n\t\t\t\t<\/div>\n\t\t\t\t\n\t\t\t<\/div>\n\n\t\t\t\t\t\t<\/div>\n\t\t\t\t<\/div>\n\t\t\t\t<div class=\"elementor-element elementor-element-15dcc4e9 elementor-widget__width-inherit elementor-widget elementor-widget-spacer\" data-id=\"15dcc4e9\" data-element_type=\"widget\" data-e-type=\"widget\" data-widget_type=\"spacer.default\">\n\t\t\t\t<div class=\"elementor-widget-container\">\n\t\t\t\t\t\t\t<div class=\"elementor-spacer\">\n\t\t\t<div class=\"elementor-spacer-inner\"><\/div>\n\t\t<\/div>\n\t\t\t\t\t\t<\/div>\n\t\t\t\t<\/div>\n\t\t\t\t<div class=\"elementor-element elementor-element-28105a7b elementor-widget__width-inherit elementor-widget elementor-widget-spacer\" data-id=\"28105a7b\" data-element_type=\"widget\" data-e-type=\"widget\" data-widget_type=\"spacer.default\">\n\t\t\t\t<div class=\"elementor-widget-container\">\n\t\t\t\t\t\t\t<div class=\"elementor-spacer\">\n\t\t\t<div class=\"elementor-spacer-inner\"><\/div>\n\t\t<\/div>\n\t\t\t\t\t\t<\/div>\n\t\t\t\t<\/div>\n\t\t\t\t\t<\/div>\n\t\t\t\t<\/div>\n\t\t\t\t\t<\/div>\n\t\t\t\t<\/div>\n\t\t<div class=\"elementor-element elementor-element-7c813e9 e-flex e-con-boxed e-con e-parent\" data-id=\"7c813e9\" data-element_type=\"container\" data-e-type=\"container\">\n\t\t\t\t\t<div class=\"e-con-inner\">\n\t\t<div class=\"elementor-element elementor-element-5ba247c e-con-full e-flex e-con e-child\" data-id=\"5ba247c\" data-element_type=\"container\" data-e-type=\"container\" data-settings=\"{&quot;background_background&quot;:&quot;classic&quot;,&quot;animation&quot;:&quot;none&quot;}\">\n\t\t\t\t<div class=\"elementor-element elementor-element-8134539 elementor-align-left elementor-widget elementor-widget-ld_icon_box\" data-id=\"8134539\" data-element_type=\"widget\" data-e-type=\"widget\" data-widget_type=\"ld_icon_box.default\">\n\t\t\t\t<div class=\"elementor-widget-container\">\n\t\t\t\t\t\n\t\t\t<div id=\"ld_icon_box_8134539\" class=\"iconbox d-flex flex-grow-1 pos-rel flex-wrap align-items-center iconbox-inline iconbox-icon-shaped iconbox-circle iconbox-icon-ripple\"   >\n\n\t\t\t\t\n\t\t\t\t<div class=\"iconbox-icon-wrap\"><div class=\"iconbox-icon-container d-inline-flex pos-rel z-index-1 border-radius-circle\"><svg aria-hidden=\"true\" class=\"e-font-icon-svg e-far-arrow-alt-circle-right\" viewbox=\"0 0 512 512\" xmlns=\"http:\/\/www.w3.org\/2000\/svg\"><path d=\"M504 256C504 119 393 8 256 8S8 119 8 256s111 248 248 248 248-111 248-248zm-448 0c0-110.5 89.5-200 200-200s200 89.5 200 200-89.5 200-200 200S56 366.5 56 256zm72 20v-40c0-6.6 5.4-12 12-12h116v-67c0-10.7 12.9-16 20.5-8.5l99 99c4.7 4.7 4.7 12.3 0 17l-99 99c-7.6 7.6-20.5 2.2-20.5-8.5v-67H140c-6.6 0-12-5.4-12-12z\"><\/path><\/svg><\/div><\/div>\n\t\t\t\t<h3 class=\"lqd-iconbox-heading\" >Recovery <\/h3>\n\t\t\t\t<div class=\"contents\">\n\t\t\t\t\n\t\t\t\t\t\t\t\t<p>For the athlete, the recovery phase is as important as the labour phase. <br>For this Healsfit is setting up a program in particular by evaluating the rhythm:<br><br>\n-Work \/ sleep to optimise performance.<br><br>\n-Massages, relaxations, &quot;dry cupping&quot; or local cryotherapy, pressotherapy allow the body to\nregenerate and thus be able to improve its performance.<\/p>\n\t\t\t\t\n\t\t\t\t<\/div>\n\t\t\t\t\n\t\t\t<\/div>\n\n\t\t\t\t\t\t<\/div>\n\t\t\t\t<\/div>\n\t\t\t\t<div class=\"elementor-element elementor-element-eca6046 elementor-widget__width-inherit elementor-widget elementor-widget-spacer\" data-id=\"eca6046\" data-element_type=\"widget\" data-e-type=\"widget\" data-widget_type=\"spacer.default\">\n\t\t\t\t<div class=\"elementor-widget-container\">\n\t\t\t\t\t\t\t<div class=\"elementor-spacer\">\n\t\t\t<div class=\"elementor-spacer-inner\"><\/div>\n\t\t<\/div>\n\t\t\t\t\t\t<\/div>\n\t\t\t\t<\/div>\n\t\t\t\t<div class=\"elementor-element elementor-element-6480a81 elementor-widget__width-inherit elementor-widget elementor-widget-spacer\" data-id=\"6480a81\" data-element_type=\"widget\" data-e-type=\"widget\" data-widget_type=\"spacer.default\">\n\t\t\t\t<div class=\"elementor-widget-container\">\n\t\t\t\t\t\t\t<div class=\"elementor-spacer\">\n\t\t\t<div class=\"elementor-spacer-inner\"><\/div>\n\t\t<\/div>\n\t\t\t\t\t\t<\/div>\n\t\t\t\t<\/div>\n\t\t\t\t<\/div>\n\t\t<div class=\"elementor-element elementor-element-ac28533 e-con-full e-flex e-con e-child\" data-id=\"ac28533\" data-element_type=\"container\" data-e-type=\"container\" data-settings=\"{&quot;animation&quot;:&quot;none&quot;}\">\n\t\t\t\t<div class=\"elementor-element elementor-element-169d878 elementor-widget elementor-widget-ld_fancy_image\" data-id=\"169d878\" data-element_type=\"widget\" data-e-type=\"widget\" data-widget_type=\"ld_fancy_image.default\">\n\t\t\t\t<div class=\"elementor-widget-container\">\n\t\t\t\t\t\n\t\t<div class=\"lqd-imggrp-single d-block pos-rel\">\n\t\t\t<div class=\"lqd-imggrp-img-container d-inline-flex pos-rel align-items-center justify-content-center\">\n\t\t\t\t\t\t\t\t<figure class=\"w-100 pos-rel\">\n\t\t\t\t\t<img decoding=\"async\" width=\"1013\" height=\"669\" src=\"data:image\/svg+xml;charset=utf-8,%3Csvg xmlns%3D&#039;http%3A%2F%2Fwww.w3.org%2F2000%2Fsvg&#039; viewBox%3D&#039;0 0 1013 669&#039;%2F%3E\" class=\"attachment-full size-full wp-image-8147 ld-lazyload\" alt=\"\" itemprop=\"image\" data-src=\"https:\/\/healsfit.com\/wp-content\/uploads\/2025\/03\/perte-de-poids.jpeg\" data-srcset=\"https:\/\/healsfit.com\/wp-content\/uploads\/2025\/03\/perte-de-poids.jpeg 1013w, https:\/\/healsfit.com\/wp-content\/uploads\/2025\/03\/perte-de-poids-300x198.jpeg 300w, https:\/\/healsfit.com\/wp-content\/uploads\/2025\/03\/perte-de-poids-18x12.jpeg 18w\" data-sizes=\"(max-width: 1013px) 100vw, 1013px\" data-aspect=\"1.5142002989537\" \/>\t\t\t\t\t\t\t\t\t\t\t\t\t\t\t\t\t\t\t\t\t\t\t\t\t\t\t\t\t<\/figure>\n\t\t\t<\/div>\n\t\t<\/div>\n\n\t\t\t\t\t<\/div>\n\t\t\t\t<\/div>\n\t\t\t\t<\/div>\n\t\t\t\t\t<\/div>\n\t\t\t\t<\/div>\n\t\t<div class=\"elementor-element elementor-element-678fa2b e-flex e-con-boxed e-con e-parent\" data-id=\"678fa2b\" data-element_type=\"container\" data-e-type=\"container\">\n\t\t\t\t\t<div class=\"e-con-inner\">\n\t\t<div class=\"elementor-element elementor-element-5eb9534 e-con-full e-flex e-con e-child\" data-id=\"5eb9534\" data-element_type=\"container\" data-e-type=\"container\" data-settings=\"{&quot;animation&quot;:&quot;none&quot;}\">\n\t\t\t\t<div class=\"elementor-element elementor-element-2d44162 elementor-widget elementor-widget-ld_fancy_image\" data-id=\"2d44162\" data-element_type=\"widget\" data-e-type=\"widget\" data-widget_type=\"ld_fancy_image.default\">\n\t\t\t\t<div class=\"elementor-widget-container\">\n\t\t\t\t\t\n\t\t<div class=\"lqd-imggrp-single d-block pos-rel\">\n\t\t\t<div class=\"lqd-imggrp-img-container d-inline-flex pos-rel align-items-center justify-content-center\">\n\t\t\t\t\t\t\t\t<figure class=\"w-100 pos-rel\">\n\t\t\t\t\t<img decoding=\"async\" width=\"1024\" height=\"712\" src=\"data:image\/svg+xml;charset=utf-8,%3Csvg xmlns%3D&#039;http%3A%2F%2Fwww.w3.org%2F2000%2Fsvg&#039; viewBox%3D&#039;0 0 1024 712&#039;%2F%3E\" class=\"attachment-full size-full wp-image-8916 ld-lazyload\" alt=\"\" itemprop=\"image\" data-src=\"https:\/\/healsfit.com\/wp-content\/uploads\/2025\/03\/31336662-beb0-4a72-aa82-80261a0059df.jpg\" data-srcset=\"https:\/\/healsfit.com\/wp-content\/uploads\/2025\/03\/31336662-beb0-4a72-aa82-80261a0059df.jpg 1024w, https:\/\/healsfit.com\/wp-content\/uploads\/2025\/03\/31336662-beb0-4a72-aa82-80261a0059df-300x209.jpg 300w, https:\/\/healsfit.com\/wp-content\/uploads\/2025\/03\/31336662-beb0-4a72-aa82-80261a0059df-18x12.jpg 18w\" data-sizes=\"(max-width: 1024px) 100vw, 1024px\" data-aspect=\"1.438202247191\" \/>\t\t\t\t\t\t\t\t\t\t\t\t\t\t\t\t\t\t\t\t\t\t\t\t\t\t\t\t\t<\/figure>\n\t\t\t<\/div>\n\t\t<\/div>\n\n\t\t\t\t\t<\/div>\n\t\t\t\t<\/div>\n\t\t\t\t<\/div>\n\t\t<div class=\"elementor-element elementor-element-d4642b4 e-flex e-con-boxed e-con e-child\" data-id=\"d4642b4\" data-element_type=\"container\" data-e-type=\"container\" data-settings=\"{&quot;background_background&quot;:&quot;classic&quot;,&quot;animation&quot;:&quot;none&quot;}\">\n\t\t\t\t\t<div class=\"e-con-inner\">\n\t\t\t\t<div class=\"elementor-element elementor-element-b74a589 elementor-align-left elementor-widget elementor-widget-ld_icon_box\" data-id=\"b74a589\" data-element_type=\"widget\" data-e-type=\"widget\" data-widget_type=\"ld_icon_box.default\">\n\t\t\t\t<div class=\"elementor-widget-container\">\n\t\t\t\t\t\n\t\t\t<div id=\"ld_icon_box_b74a589\" class=\"iconbox d-flex flex-grow-1 pos-rel flex-wrap align-items-center iconbox-inline iconbox-icon-shaped iconbox-circle iconbox-icon-ripple\"   >\n\n\t\t\t\t\n\t\t\t\t<div class=\"iconbox-icon-wrap\"><div class=\"iconbox-icon-container d-inline-flex pos-rel z-index-1 border-radius-circle\"><svg aria-hidden=\"true\" class=\"e-font-icon-svg e-far-arrow-alt-circle-right\" viewbox=\"0 0 512 512\" xmlns=\"http:\/\/www.w3.org\/2000\/svg\"><path d=\"M504 256C504 119 393 8 256 8S8 119 8 256s111 248 248 248 248-111 248-248zm-448 0c0-110.5 89.5-200 200-200s200 89.5 200 200-89.5 200-200 200S56 366.5 56 256zm72 20v-40c0-6.6 5.4-12 12-12h116v-67c0-10.7 12.9-16 20.5-8.5l99 99c4.7 4.7 4.7 12.3 0 17l-99 99c-7.6 7.6-20.5 2.2-20.5-8.5v-67H140c-6.6 0-12-5.4-12-12z\"><\/path><\/svg><\/div><\/div>\n\t\t\t\t<h3 class=\"lqd-iconbox-heading\" > Weight Loss &amp; Nutrition <\/h3>\n\t\t\t\t<div class=\"contents\">\n\t\t\t\t\n\t\t\t\t\t\t\t\t<p><strong>Lose weight?<\/strong><br><br>\n\nWhat the studies say:<br>\nIn Morocco, obesity is gaining ground. According to the Ministry of Health&#039;s latest\nepidemiological survey on the prevalence of risk factors for non-communicable diseases,\nconducted in collaboration with the WHO, obesity affects 20% of the population.<br><br>\n\nIt was detected in 29% of women, almost three times more than men (11%). Obesity is\nprogressing more rapidly in urban areas than in rural areas with 22.8 and 14.9% respectively.\nOver the period 2000-2017, this rate increased from 13.2 to 20%, which represents an\nincrease of almost 7%.<br>\nThis increase was more marked among women, where the obesity rate went from 19.10% in\n2000 to 29% in 2017, which represents an increase of 10% in 7 years. Among men, the\nincrease was less important, at 4% (7.20 to 11%). Among the factors involved are junk food,\nmalnutrition, sedentary lifestyle, lack of sports activity... Changes in eating habits are also an\naggravating factor (snacks, fast foods,...).<br><br>\n\n<strong>For whom, and how?<\/strong><br><br>\nFaced with this, HMC offers an adapted program, whether for children or the elderly.\nKnowing your metabolism and the reasons for this mass gain is essential.<br>\nToday, it is possible to prevent this by tackling risk factors such as poor nutrition, lack of\nphysical activity....<br>\nThe prevention of excessive weight gain involves the adoption of a balanced diet and the\npractice of regular physical activity.\n\n<\/p>\n\t\t\t\t\n\t\t\t\t<\/div>\n\t\t\t\t\n\t\t\t<\/div>\n\n\t\t\t\t\t\t<\/div>\n\t\t\t\t<\/div>\n\t\t\t\t<div class=\"elementor-element elementor-element-bf1a5db elementor-widget__width-inherit elementor-widget elementor-widget-spacer\" data-id=\"bf1a5db\" data-element_type=\"widget\" data-e-type=\"widget\" data-widget_type=\"spacer.default\">\n\t\t\t\t<div class=\"elementor-widget-container\">\n\t\t\t\t\t\t\t<div class=\"elementor-spacer\">\n\t\t\t<div class=\"elementor-spacer-inner\"><\/div>\n\t\t<\/div>\n\t\t\t\t\t\t<\/div>\n\t\t\t\t<\/div>\n\t\t\t\t<div class=\"elementor-element elementor-element-6a8904c elementor-widget__width-inherit elementor-widget elementor-widget-spacer\" data-id=\"6a8904c\" data-element_type=\"widget\" data-e-type=\"widget\" data-widget_type=\"spacer.default\">\n\t\t\t\t<div class=\"elementor-widget-container\">\n\t\t\t\t\t\t\t<div class=\"elementor-spacer\">\n\t\t\t<div class=\"elementor-spacer-inner\"><\/div>\n\t\t<\/div>\n\t\t\t\t\t\t<\/div>\n\t\t\t\t<\/div>\n\t\t\t\t\t<\/div>\n\t\t\t\t<\/div>\n\t\t\t\t\t<\/div>\n\t\t\t\t<\/div>\n\t\t\t\t<\/div>","protected":false},"excerpt":{"rendered":"<p>Pre\u0301paration physique &amp; perte de poids Pre\u0301paration physique La pr\u00e9paration sportive est indispensable pour pr\u00e9venir les blessures, et \u00eatre au maximum de ses performances. Gr\u00e2ce \u00e0 son \u00e9quipe pluri-disciplinaire healsfit m\u00e9dical center fait de la pr\u00e9paration physique et de l\u2019optimisation des qualit\u00e9s physique sa sp\u00e9cialit\u00e9. Tous les sportifs le savent, une bonne pr\u00e9paration est indispensable [&hellip;]<\/p>\n","protected":false},"author":1,"featured_media":0,"parent":0,"menu_order":0,"comment_status":"closed","ping_status":"closed","template":"","meta":{"_themeisle_gutenberg_block_has_review":false,"footnotes":""},"class_list":["post-8336","page","type-page","status-publish","hentry"],"_links":{"self":[{"href":"https:\/\/healsfit.com\/en\/wp-json\/wp\/v2\/pages\/8336","targetHints":{"allow":["GET"]}}],"collection":[{"href":"https:\/\/healsfit.com\/en\/wp-json\/wp\/v2\/pages"}],"about":[{"href":"https:\/\/healsfit.com\/en\/wp-json\/wp\/v2\/types\/page"}],"author":[{"embeddable":true,"href":"https:\/\/healsfit.com\/en\/wp-json\/wp\/v2\/users\/1"}],"replies":[{"embeddable":true,"href":"https:\/\/healsfit.com\/en\/wp-json\/wp\/v2\/comments?post=8336"}],"version-history":[{"count":0,"href":"https:\/\/healsfit.com\/en\/wp-json\/wp\/v2\/pages\/8336\/revisions"}],"wp:attachment":[{"href":"https:\/\/healsfit.com\/en\/wp-json\/wp\/v2\/media?parent=8336"}],"curies":[{"name":"wp","href":"https:\/\/api.w.org\/{rel}","templated":true}]}}